{"id":6723,"date":"2025-04-02T13:32:49","date_gmt":"2025-04-02T18:32:49","guid":{"rendered":"https:\/\/everinsuranceglobal.com\/?page_id=6723"},"modified":"2025-04-02T22:36:07","modified_gmt":"2025-04-03T03:36:07","slug":"avisos-de-prensa","status":"publish","type":"page","link":"https:\/\/4everinsurance.com\/pt-br\/avisos-de-prensa\/","title":{"rendered":"Comunicados de imprenta"},"content":{"rendered":"<div class=\"wpb-content-wrapper\"><p>[vc_row][vc_column][vc_row_inner content_placement=&#8221;middle&#8221;][vc_column_inner width=&#8221;1\/3&#8243;][vc_single_image image=&#8221;6694&#8243; img_size=&#8221;full&#8221; css=&#8221;&#8221;][\/vc_column_inner][vc_column_inner width=&#8221;2\/3&#8243;][vc_column_text css=&#8221;&#8221; el_class=&#8221;title-blue&#8221;]<span style=\"color: #3d7cc9; font-size: 1.5rem;\"><strong>EVER\u00ae INSURANCE ANUNCIA INVESTIMENTO DE MAIS DE DOIS MILH\u00d5ES DE D\u00d3LARES NA AQUISI\u00c7\u00c3O DE ESPA\u00c7O PARA ESCRIT\u00d3RIOS EM NOVO COMPLEXO EMPRESARIAL<\/strong><\/span>[\/vc_column_text]<div class=\"sc_item_button sc_button_wrap sc_align_left\"><a href=\"https:\/\/4everinsurance.com\/wp-content\/uploads\/2025\/04\/NOTICIAS-EVER-GUAYAQUIL-1.pdf\" id=\"sc_button_1483587443\" class=\"sc_button sc_button_default  vc_custom_1743650875175 sc_button_size_normal sc_button_icon_left\"><span class=\"sc_button_text sc_align_center\"><span class=\"sc_button_title\">Fazer download<\/span><\/span><!-- \/.sc_button_text --><\/a><!-- \/.sc_button --><\/div><!-- \/.sc_item_button -->[\/vc_column_inner][\/vc_row_inner][\/vc_column][\/vc_row]<\/p>\n<\/div>","protected":false},"excerpt":{"rendered":"<p>[vc_row][vc_column][vc_row_inner content_placement=&#8221;middle&#8221;][vc_column_inner width=&#8221;1\/3&#8243;][vc_single_image image=&#8221;6694&#8243; img_size=&#8221;full&#8221; css=&#8221;&#8221;][\/vc_column_inner][vc_column_inner width=&#8221;2\/3&#8243;][vc_column_text css=&#8221;&#8221; el_class=&#8221;title-blue&#8221;]EVER\u00ae INSURANCE ANUNCIA INVESTIMENTO DE MAIS DE DOIS MILH\u00d5ES DE D\u00d3LARES NA AQUISI\u00c7\u00c3O DE ESPA\u00c7O PARA ESCRIT\u00d3RIOS EM NOVO COMPLEXO EMPRESARIAL[\/vc_column_text][\/vc_column_inner][\/vc_row_inner][\/vc_column][\/vc_row]<\/p>\n","protected":false},"author":1,"featured_media":5532,"parent":0,"menu_order":0,"comment_status":"closed","ping_status":"closed","template":"","meta":{"footnotes":""},"class_list":["post-6723","page","type-page","status-publish","has-post-thumbnail","hentry"],"_links":{"self":[{"href":"https:\/\/4everinsurance.com\/pt-br\/wp-json\/wp\/v2\/pages\/6723","targetHints":{"allow":["GET"]}}],"collection":[{"href":"https:\/\/4everinsurance.com\/pt-br\/wp-json\/wp\/v2\/pages"}],"about":[{"href":"https:\/\/4everinsurance.com\/pt-br\/wp-json\/wp\/v2\/types\/page"}],"author":[{"embeddable":true,"href":"https:\/\/4everinsurance.com\/pt-br\/wp-json\/wp\/v2\/users\/1"}],"replies":[{"embeddable":true,"href":"https:\/\/4everinsurance.com\/pt-br\/wp-json\/wp\/v2\/comments?post=6723"}],"version-history":[{"count":8,"href":"https:\/\/4everinsurance.com\/pt-br\/wp-json\/wp\/v2\/pages\/6723\/revisions"}],"predecessor-version":[{"id":6754,"href":"https:\/\/4everinsurance.com\/pt-br\/wp-json\/wp\/v2\/pages\/6723\/revisions\/6754"}],"wp:featuredmedia":[{"embeddable":true,"href":"https:\/\/4everinsurance.com\/pt-br\/wp-json\/wp\/v2\/media\/5532"}],"wp:attachment":[{"href":"https:\/\/4everinsurance.com\/pt-br\/wp-json\/wp\/v2\/media?parent=6723"}],"curies":[{"name":"wp","href":"https:\/\/api.w.org\/{rel}","templated":true}]}}