{"id":5436,"date":"2023-06-13T12:36:48","date_gmt":"2023-06-13T17:36:48","guid":{"rendered":"https:\/\/everinsuranceglobal.com\/myinsurance-by-ever-app\/"},"modified":"2023-10-11T16:12:06","modified_gmt":"2023-10-11T21:12:06","slug":"myinsurance-by-ever-app","status":"publish","type":"page","link":"https:\/\/4everinsurance.com\/pt-br\/myinsurance-by-ever-app\/","title":{"rendered":"MyInsurance Prestige by Ever App"},"content":{"rendered":"<div class=\"wpb-content-wrapper\"><p>[vc_row][vc_column][vc_single_image image=&#8221;5438&#8243; img_size=&#8221;full&#8221;][\/vc_column][\/vc_row][vc_row][vc_column width=&#8221;2\/3&#8243;]<div id=\"sc_title_993902572\"\n\t\tclass=\"sc_title sc_title_default  vc_custom_1697047688199\"><h4 class=\"sc_item_title sc_title_title sc_align_left sc_item_title_style_default sc_item_title_tag\">MyInsurance Prestige by Ever<\/h4><\/div><!-- \/.sc_title -->[vc_column_text]<strong>MyInsurance Prestige by Ever<\/strong>\u00a0\u00e9 um aplicativo m\u00f3vel abrangente e confi\u00e1vel que oferece acesso instant\u00e2neo a uma cota\u00e7\u00e3o de nossos planos de seguro sa\u00fade, benef\u00edcios de sa\u00fade detalhados e a capacidade de entrar em contato conosco por telefone ou e-mail. Projetado para lhe proporcionar conforto e facilitar o processo de cota\u00e7\u00e3o de nossos planos de sa\u00fade, este aplicativo \u00e9 o seu melhor aliado para proteger o seu bem-estar e o de seus entes queridos.<\/p>\n<p><strong>Caracter\u00edsticas principais:<\/strong><\/p>\n<p><strong>Cota\u00e7\u00e3o r\u00e1pida e f\u00e1cil:<\/strong> obtenha cota\u00e7\u00f5es precisas de nossos diferentes planos de sa\u00fade em apenas algumas etapas.<\/p>\n<p>Explore detalhadamente os benef\u00edcios e coberturas oferecidas por cada plano de sa\u00fade. Compare recursos como cuidados de sa\u00fade preventivos, interna\u00e7\u00e3o, medicamentos, servi\u00e7os especializados e muito mais.<\/p>\n<p><strong>F\u00e1cil navega\u00e7\u00e3o multil\u00edngue:<\/strong> O aplicativo est\u00e1 dispon\u00edvel em tr\u00eas idiomas: espanhol, ingl\u00eas e portugu\u00eas. Mude o idioma intuitivamente para uma experi\u00eancia mais confort\u00e1vel e compreens\u00edvel.<\/p>\n<p><strong>Seguran\u00e7a dos seus dados:<\/strong> Este aplicativo n\u00e3o envia informa\u00e7\u00f5es pessoais para a Ever.<\/p>\n<p>Baixe agora a Cota\u00e7\u00e3o de Seguro Sa\u00fade e assuma o controle de sua sa\u00fade e bem-estar. Encontre o plano de sa\u00fade perfeito para voc\u00ea e sua fam\u00edlia. N\u00e3o arrisque o seu futuro, proteja-se hoje!<\/p>\n<p><em><strong>Observa\u00e7\u00e3o:<\/strong> a disponibilidade de recursos e idiomas pode variar de acordo com a regi\u00e3o.<\/em><\/p>\n<p><strong>Seguran\u00e7a Global para Sempre.<\/strong>[\/vc_column_text][\/vc_column][vc_column width=&#8221;1\/3&#8243;]<div id=\"sc_title_296122921\"\n\t\tclass=\"sc_title sc_title_default  vc_custom_1697047877742\"><h4 class=\"sc_item_title sc_title_title sc_align_left sc_item_title_style_default sc_item_title_tag\">Dispon\u00edvel em:<\/h4><\/div><!-- \/.sc_title -->[vc_single_image image=&#8221;5443&#8243; img_size=&#8221;250&#215;83&#8243; onclick=&#8221;custom_link&#8221; img_link_target=&#8221;_blank&#8221; css=&#8221;.vc_custom_1697058705987{margin-bottom: 32px !important;}&#8221; link=&#8221;https:\/\/apps.apple.com\/us\/app\/myinsurance-prestige-by-ever\/id6466827257&#8243;][vc_single_image image=&#8221;5446&#8243; img_size=&#8221;250&#215;74&#8243; onclick=&#8221;custom_link&#8221; img_link_target=&#8221;_blank&#8221; link=&#8221;https:\/\/play.google.com\/store\/apps\/details?id=com.everinsuranglobal.quotationbr&#8221;][\/vc_column][\/vc_row]<\/p>\n<\/div>","protected":false},"excerpt":{"rendered":"<p>[vc_row][vc_column][vc_single_image image=&#8221;5438&#8243; img_size=&#8221;full&#8221;][\/vc_column][\/vc_row][vc_row][vc_column width=&#8221;2\/3&#8243;][vc_column_text]MyInsurance Prestige by Ever\u00a0\u00e9 um aplicativo m\u00f3vel abrangente e confi\u00e1vel que oferece acesso instant\u00e2neo a uma cota\u00e7\u00e3o de nossos planos de seguro sa\u00fade, benef\u00edcios de sa\u00fade detalhados e a capacidade de entrar em contato conosco por telefone ou e-mail. Projetado para lhe proporcionar conforto e facilitar o processo de cota\u00e7\u00e3o de nossos planos de sa\u00fade, este aplicativo&hellip;<\/p>\n","protected":false},"author":1,"featured_media":5514,"parent":0,"menu_order":0,"comment_status":"closed","ping_status":"closed","template":"","meta":{"footnotes":""},"class_list":["post-5436","page","type-page","status-publish","has-post-thumbnail","hentry"],"_links":{"self":[{"href":"https:\/\/4everinsurance.com\/pt-br\/wp-json\/wp\/v2\/pages\/5436","targetHints":{"allow":["GET"]}}],"collection":[{"href":"https:\/\/4everinsurance.com\/pt-br\/wp-json\/wp\/v2\/pages"}],"about":[{"href":"https:\/\/4everinsurance.com\/pt-br\/wp-json\/wp\/v2\/types\/page"}],"author":[{"embeddable":true,"href":"https:\/\/4everinsurance.com\/pt-br\/wp-json\/wp\/v2\/users\/1"}],"replies":[{"embeddable":true,"href":"https:\/\/4everinsurance.com\/pt-br\/wp-json\/wp\/v2\/comments?post=5436"}],"version-history":[{"count":3,"href":"https:\/\/4everinsurance.com\/pt-br\/wp-json\/wp\/v2\/pages\/5436\/revisions"}],"predecessor-version":[{"id":5449,"href":"https:\/\/4everinsurance.com\/pt-br\/wp-json\/wp\/v2\/pages\/5436\/revisions\/5449"}],"wp:featuredmedia":[{"embeddable":true,"href":"https:\/\/4everinsurance.com\/pt-br\/wp-json\/wp\/v2\/media\/5514"}],"wp:attachment":[{"href":"https:\/\/4everinsurance.com\/pt-br\/wp-json\/wp\/v2\/media?parent=5436"}],"curies":[{"name":"wp","href":"https:\/\/api.w.org\/{rel}","templated":true}]}}