{"id":5328,"date":"2022-06-13T23:52:32","date_gmt":"2022-06-14T04:52:32","guid":{"rendered":"https:\/\/everinsuranceglobal.com\/?page_id=5328"},"modified":"2023-09-27T14:32:20","modified_gmt":"2023-09-27T19:32:20","slug":"terminos-e-condicoes","status":"publish","type":"page","link":"https:\/\/4everinsurance.com\/pt-br\/terminos-e-condicoes\/","title":{"rendered":"T\u00e9rminos e Condi\u00e7\u00f5es"},"content":{"rendered":"<div class=\"wpb-content-wrapper\"><p>[vc_row full_width=&#8221;stretch_row&#8221; equal_height=&#8221;yes&#8221; content_placement=&#8221;middle&#8221; css=&#8221;.vc_custom_1655157368320{background-color: #ffffff !important;}&#8221;][vc_column css=&#8221;.vc_custom_1492071475124{padding-right: 30px !important;padding-left: 30px !important;}&#8221;][vc_empty_space hide_on_mobile=&#8221;&#8221; css=&#8221;.vc_custom_1657558095479{margin-top: 0.3rem !important;}&#8221;]<div id=\"sc_title_207932017\"\n\t\tclass=\"sc_title sc_title_default\"><div class=\"sc_item_descr sc_title_descr sc_align_left\"><p>Os seguintes termos e condi\u00e7\u00f5es (\"T\u00e9rminos e Condi\u00e7\u00f5es\") rigen seu uso deste Site Web (o \"Sitio\"), e ao acessar, ver ou usar o material no Site, voc\u00ea indica que entende e finge que esses Termos e Condi\u00e7\u00f5es \u00e9 o equivalente legal de um contrato firmado, escrito e igualmente vinculativo, e que aceita estes Termos. e as condi\u00e7\u00f5es e condi\u00e7\u00f5es aceitas s\u00e3o legalmente obrigadas pelas mismas. Se n\u00e3o estiver de acordo com os Termos e Condi\u00e7\u00f5es, voc\u00ea n\u00e3o ter\u00e1 permiss\u00e3o para usar o Site e dever\u00e1 sair imediatamente.<\/p>\n<p>1. Direitos de propriedade<\/p>\n<p>Todo o material contido neste Sitio est\u00e1 protegido pela lei, inclu\u00edda, entre outras, a lei de direitos do autor dos Estados Unidos. Exceto como indicado, EVER INSURANCE \u00e9 o propriet\u00e1rio dos direitos de autor de todo o conte\u00fado (incluindo as imagens, o texto e todos os atributos de apar\u00eancia e sensa\u00e7\u00e3o) de www.everinsuraceglobal.com e reserva os direitos a respeito. \u00c9 proibido excluir ou alterar o aviso de direitos do autor em qualquer material do Site. Qualquer uso comercial do conte\u00fado do Site \u00e9 proibido. Exceto como indicado, EVER apresenta todas as marcas comerciais, marcas de servi\u00e7o e outros logotipos que aparecem no Site. O uso ou mau uso destas marcas comerciais, marcas de servi\u00e7o ou logotipos \u00e9 expressamente proibido e pode violar a lei federal e estatal. Tenga em conta que EVER fez cumprir ativa e ativamente seus direitos de propriedade intelectual em toda a extens\u00e3o da lei.<\/p>\n<p>2. Sin asesoramiento legal<\/p>\n<p>Nada do conte\u00fado, expresso ou impl\u00edcito neste site pretende ser, n\u00e3o ser\u00e1 interpretado ou entendido como avalia\u00e7\u00e3o legal, orienta\u00e7\u00e3o ou interpreta\u00e7\u00e3o. Nenhuma rela\u00e7\u00e3o advogado-cliente foi estabelecida entre NUNCA e voc\u00ea deveu o uso deste local ou em nenhuma circunst\u00e2ncia. As informa\u00e7\u00f5es neste site s\u00e3o apenas para fins informativos gerais. Se voc\u00ea tiver d\u00favidas sobre qualquer lei, estatuto, regulamento ou requisito que tenha sido referenciado expressa ou implicitamente neste S\u00edtio, dever\u00e1 comunic\u00e1-lo ao seu pr\u00f3prio procurador legal.<\/p>\n<p>3. Declara\u00e7\u00e3o de privacidade<\/p>\n<p>EVER INSURANCE tem uma declara\u00e7\u00e3o de privacidade que revela quais informa\u00e7\u00f5es coletamos sobre os visitantes, como usamos essas informa\u00e7\u00f5es, os passos que tomamos para garantir essas informa\u00e7\u00f5es, como a USTED pode ver e corrigir essas informa\u00e7\u00f5es e como voc\u00ea pode negar que se recupile ou utilize as informa\u00e7\u00f5es sobre voc\u00ea.<\/p>\n<p>4. Corre\u00e7\u00f5es e mudan\u00e7as<\/p>\n<p>O local n\u00e3o estar\u00e1 dispon\u00edvel de vez em quando por qualquer motivo, incluindo, entre outros, a manuten\u00e7\u00e3o da rotina. Voc\u00ea entendeu e percebeu que o Sitio pode ser interrompido, suspenso e encerrado de vez em quando. Enquanto nos esfor\u00e7amos para manter atualizados os materiais no S\u00edtio,<\/p>\n<p>5. Indeniza\u00e7\u00e3o<\/p>\n<p>Voc\u00ea aceita defender, indenizar e eximir de responsabilidade a EVER INSURANCE, suas filiais e subsidi\u00e1rias, e todos os seus respectivos diretores, funcion\u00e1rios, empregados, representantes, propriet\u00e1rios, s\u00f3cios, acionistas, senhores, diretores, agentes, predecessores, sucessores, cesion\u00e1rios e advogados de e contra qualquer um e todas as reclama\u00e7\u00f5es, procedimentos, danos, les\u00f5es, responsabilidades, perdas, custos e despesas (incluindo honor\u00e1rios de advogados e despesas de lit\u00edgio) relacionados com o que surja de seu uso do Site e qualquer incumprimento por sua parte de estes Termos e Condi\u00e7\u00f5es.<\/p>\n<p>6. Uso de Servi\u00e7os de Terceros<\/p>\n<p>EVER INSURANCE n\u00e3o controla nem gerencia as pr\u00e1ticas de privacidade de terceiros, e voc\u00ea est\u00e1 sujeito \u00e0s pr\u00e1ticas de privacidade de esses terceiros quando utiliza seus servi\u00e7os.<\/p>\n<p>7. Aviso da Lei de Direitos do Autor<\/p>\n<p>EVER INSURANCE se compromete a cumprir as leis de direitos de autor e leis relacionadas, e exige que todos os usu\u00e1rios do Sitio cumpram essas leis. N\u00e3o \u00e9 poss\u00edvel armazenar, publicar, modificar, distribuir, reproduzir de nenhuma maneira, usar ou divulgar nenhum material ou conte\u00fado atrav\u00e9s do site de nenhuma maneira que constitua uma infra\u00e7\u00e3o aos direitos de propriedade intelectual de terceiros, incluindo os direitos oprimidos pela lei de direitos de autor. Se voc\u00ea n\u00e3o tiver certeza de que um material em particular infringe um direito de autor que voc\u00ea usou ou uma terceira posi\u00e7\u00e3o, voc\u00ea deve comunic\u00e1-lo a um advogado. Qualquer pessoa que receba um aviso falso ou fraudulento ou uma contra notifica\u00e7\u00e3o poder\u00e1 ser respons\u00e1vel pelos custos e honor\u00e1rios dos advogados.<\/p>\n<p>8. Uso da Internet<\/p>\n<p>O uso da Internet \u00e9 baixo de seu pr\u00f3prio risco e est\u00e1 sujeito a todas as leis e regulamenta\u00e7\u00f5es estatais, nacionais e internacionais aplic\u00e1veis. Ni EVER INSURANCE e seus afiliados ser\u00e3o respons\u00e1veis \u200b\u200bpor nenhuma perda resultante de uma causa sobre qualquer pessoa que n\u00e3o tenha controle direto, incluindo, mas n\u00e3o limitado, falhas de equipamentos eletr\u00f4nicos ou mec\u00e2nicos ou linhas de comunica\u00e7\u00e3o, problemas telef\u00f4nicos ou outros problemas de interconex\u00e3o, v\u00edrus inform\u00e1ticos , acesso n\u00e3o autorizado, rob\u00f4, erros do operador, clima severo, terremotos, desastres naturais, inc\u00eandios e outros problemas trabalhistas, guerras ou restri\u00e7\u00f5es governamentais.<\/p>\n<p>9. Lei aplic\u00e1vel e jurisdi\u00e7\u00e3o<\/p>\n<p>Esses Termos e Condi\u00e7\u00f5es ser\u00e3o registrados e interpretados de acordo com as leis do Estado da Fl\u00f3rida, sem refer\u00eancia \u00e0s regras de elei\u00e7\u00e3o de leis. Ao acessar, ver ou usar o material no Site, voc\u00ea aceita a jurisdi\u00e7\u00e3o dos tribunais federais e estaduais que presidem a Fl\u00f3rida, e aceita aceitar o servi\u00e7o do processo por correio e pela presente ren\u00fancia a todas e cada uma das defesas jurisdicionais e de local dispon\u00edvel. Este site \u00e9 controlado e operado pela EVER INSURANCE em seus escrit\u00f3rios nos Estados Unidos. EVER INSURANCE n\u00e3o garante que os materiais no Sitio sejam apropriados ou estejam dispon\u00edveis para seu uso em outros lugares, e o acesso a eles de territ\u00f3rios onde seu conte\u00fado \u00e9 ilegal \u00e9 proibido. Aqueles que decidem acessar este Sitio de outros lugares o fazem por sua pr\u00f3pria vontade e s\u00e3o respons\u00e1veis pelo cumprimento das leis locais aplic\u00e1veis.<\/p>\n<p>Esses Termos e Condi\u00e7\u00f5es constituem o contrato completo entre voc\u00ea e EVER INSURANCE em rela\u00e7\u00e3o ao uso do Site. Se alguma parte destes Termos e Condi\u00e7\u00f5es for considerada inv\u00e1lida ou inaplic\u00e1vel por qualquer motivo, as partes permanecer\u00e3o em pleno vigor e efeito. Voc\u00ea sabe que, ao fornecer acesso e uso do Sitio, EVER INSURANCE se baseou no seu acordo de estar legalmente obrigado por estes Termos e Condi\u00e7\u00f5es.<\/p>\n<\/div><\/div><!-- \/.sc_title -->[vc_empty_space hide_on_mobile=&#8221;&#8221; css=&#8221;.vc_custom_1492071743492{margin-top: 0.3rem !important;}&#8221;][\/vc_column][\/vc_row]<\/p>\n<\/div>","protected":false},"excerpt":{"rendered":"<p>[vc_row full_width=&#8221;stretch_row&#8221; equal_height=&#8221;yes&#8221; content_placement=&#8221;middle&#8221; css=&#8221;.vc_custom_1655157368320{background-color: #ffffff !important;}&#8221;][vc_column css=&#8221;.vc_custom_1492071475124{padding-right: 30px !important;padding-left: 30px !important;}&#8221;][vc_empty_space hide_on_mobile=&#8221;&#8221; css=&#8221;.vc_custom_1657558095479{margin-top: 0.3rem !important;}&#8221;][vc_empty_space hide_on_mobile=&#8221;&#8221; css=&#8221;.vc_custom_1492071743492{margin-top: 0.3rem !important;}&#8221;][\/vc_column][\/vc_row]<\/p>\n","protected":false},"author":1,"featured_media":0,"parent":0,"menu_order":0,"comment_status":"closed","ping_status":"closed","template":"","meta":{"footnotes":""},"class_list":["post-5328","page","type-page","status-publish","hentry"],"_links":{"self":[{"href":"https:\/\/4everinsurance.com\/pt-br\/wp-json\/wp\/v2\/pages\/5328","targetHints":{"allow":["GET"]}}],"collection":[{"href":"https:\/\/4everinsurance.com\/pt-br\/wp-json\/wp\/v2\/pages"}],"about":[{"href":"https:\/\/4everinsurance.com\/pt-br\/wp-json\/wp\/v2\/types\/page"}],"author":[{"embeddable":true,"href":"https:\/\/4everinsurance.com\/pt-br\/wp-json\/wp\/v2\/users\/1"}],"replies":[{"embeddable":true,"href":"https:\/\/4everinsurance.com\/pt-br\/wp-json\/wp\/v2\/comments?post=5328"}],"version-history":[{"count":2,"href":"https:\/\/4everinsurance.com\/pt-br\/wp-json\/wp\/v2\/pages\/5328\/revisions"}],"predecessor-version":[{"id":5331,"href":"https:\/\/4everinsurance.com\/pt-br\/wp-json\/wp\/v2\/pages\/5328\/revisions\/5331"}],"wp:attachment":[{"href":"https:\/\/4everinsurance.com\/pt-br\/wp-json\/wp\/v2\/media?parent=5328"}],"curies":[{"name":"wp","href":"https:\/\/api.w.org\/{rel}","templated":true}]}}