{"id":4525,"date":"2023-02-07T10:43:15","date_gmt":"2023-02-07T15:43:15","guid":{"rendered":"https:\/\/everinsuranceglobal.com\/?page_id=4525"},"modified":"2025-08-15T12:13:03","modified_gmt":"2025-08-15T17:13:03","slug":"oportunidades","status":"publish","type":"page","link":"https:\/\/4everinsurance.com\/pt-br\/oportunidades\/","title":{"rendered":"Oportunidades"},"content":{"rendered":"<div class=\"wpb-content-wrapper\"><p>[vc_row disable_element=&#8221;yes&#8221;][vc_column][vc_column_text]<\/p>\n<h3 style=\"text-align: center;\"><strong>No hay vacantes en estos momentos<\/strong><\/h3>\n<p>[\/vc_column_text][vc_single_image image=&#8221;1660&#8243; img_size=&#8221;medium&#8221; alignment=&#8221;center&#8221; css=&#8221;.vc_custom_1675805501584{margin-top: 20px !important;}&#8221;][\/vc_column][\/vc_row][vc_row gap=&#8221;30&#8243; equal_height=&#8221;yes&#8221; disable_element=&#8221;yes&#8221;][vc_column width=&#8221;1\/3&#8243; css=&#8221;.vc_custom_1680630714357{padding-top: 30px !important;padding-right: 30px !important;padding-bottom: 30px !important;padding-left: 30px !important;background-color: #f4f4f4 !important;}&#8221;]<div id=\"sc_title_1571749690\"\n\t\tclass=\"sc_title sc_title_shadow  vc_custom_1680631228996\"><h4 class=\"sc_item_title sc_title_title sc_align_left sc_item_title_style_shadow sc_item_title_tag\">ADJUDICADOR DE RECLAMOS \/ COORDENADOR DE COORDENA\u00c7\u00c3O M\u00c9DICA<\/h4><\/div><!-- \/.sc_title -->[vc_column_text css=&#8221;.vc_custom_1683151119869{margin-top: 10px !important;}&#8221;]<strong>IDIOMA:<\/strong> Ingl\u00eas, espanhol, portugu\u00eas obrigat\u00f3rio.<\/p>\n<p><strong>Requisitos educacionais<\/strong><\/p>\n<ul>\n<li>Forma\u00e7\u00e3o superior em andamento nas carreiras de enfermagem, Medicina de Emerg\u00eancia ou campos relacionados.<\/li>\n<li>L\u00edngua mandarim.<\/li>\n<li>Dom\u00ednio no pacote de Office.<\/li>\n<li>Dom\u00ednio em codifica\u00e7\u00e3o CTP e ICD 10.<\/li>\n<\/ul>\n<p><strong>Experi\u00eancia:<\/strong><\/p>\n<ul>\n<li>Experi\u00eancia de alta qualidade em atendimento ao cliente.<\/li>\n<li>Dos anos de experencia na \u00e1rea de sa\u00fade.<\/li>\n<\/ul>\n<p><strong>Habilidades necess\u00e1rias:<\/strong><\/p>\n<ul>\n<li>Comunica\u00e7\u00e3o assertiva e pensamento anal\u00edtico.<\/li>\n<li>Trabalho em equipe<\/li>\n<li>Lideran\u00e7a de equipe<\/li>\n<li>Pr\u00f3-ativo.<\/li>\n<li>Bom servi\u00e7o interno, qualidade, resultados e orienta\u00e7\u00e3o para a aprendizagem.<\/li>\n<\/ul>\n<p>Pode enviar seu curr\u00edculo \u00e0:<br \/>\n<a href=\"mailto:everhumanresource@everinsuranceglobal.com\">everhumanresource@everinsuranceglobal.com<\/a>[\/vc_column_text][\/vc_column][vc_column width=&#8221;1\/3&#8243; css=&#8221;.vc_custom_1680630634742{padding: 30px !important;background-color: #f4f4f4 !important;}&#8221;]<div id=\"sc_title_1118127280\"\n\t\tclass=\"sc_title sc_title_shadow  vc_custom_1680631100210\"><h4 class=\"sc_item_title sc_title_title sc_align_left sc_item_title_style_shadow sc_item_title_tag\">ASSISTENTE OPERACIONAL DE AP\u00d3LICE<\/h4><\/div><!-- \/.sc_title -->[vc_column_text css=&#8221;.vc_custom_1683151132693{margin-top: 10px !important;}&#8221;]<\/p>\n<p style=\"font-weight: 400;\"><strong>IDIOMA:\u00a0 <\/strong>Ingl\u00eas, espanhol, portugu\u00eas obrigat\u00f3rio.<\/p>\n<p><strong>Requisitos educacionais<\/strong><\/p>\n<ul>\n<li>Forma\u00e7\u00e3o superior ou em andamento nas carreiras de administra\u00e7\u00e3o de empresas ou campos relacionados.<\/li>\n<li>L\u00edngua mandarim.<\/li>\n<li>Dom\u00ednio do Excel e word.<\/li>\n<\/ul>\n<p><strong>Experi\u00eancia:<\/strong><\/p>\n<ul>\n<li>Experi\u00eancia de alta qualidade em atendimento ao cliente.<\/li>\n<li>Um ano de experencia na \u00e1rea de seguros.<\/li>\n<\/ul>\n<p><strong>Habilidades necess\u00e1rias:<\/strong><\/p>\n<ul>\n<li>Comunica\u00e7\u00e3o assertiva e pensamento anal\u00edtico.<\/li>\n<li>Trabalho em equipe<\/li>\n<li>Lideran\u00e7a de equipe<\/li>\n<li>Pr\u00f3-ativo.<\/li>\n<li>Bom servi\u00e7o interno, qualidade, resultados e orienta\u00e7\u00e3o para a aprendizagem.<\/li>\n<\/ul>\n<p>Pode enviar seu curr\u00edculo \u00e0:<br \/>\n<a href=\"mailto:everhumanresource@everinsuranceglobal.com\">everhumanresource@everinsuranceglobal.com<\/a>[\/vc_column_text][\/vc_column][vc_column width=&#8221;1\/3&#8243; css=&#8221;.vc_custom_1681240786228{padding-top: 30px !important;padding-right: 30px !important;padding-bottom: 30px !important;padding-left: 30px !important;background-color: #f4f4f4 !important;}&#8221;]<div id=\"sc_title_1037247591\"\n\t\tclass=\"sc_title sc_title_shadow  vc_custom_1681324507930\"><h4 class=\"sc_item_title sc_title_title sc_align_left sc_item_title_style_shadow sc_item_title_tag\">Gerente de contas<\/h4><\/div><!-- \/.sc_title -->[vc_column_text css=&#8221;.vc_custom_1687198879736{margin-top: 10px !important;}&#8221;]<\/p>\n<p style=\"font-weight: 400;\"><strong>IDIOMA:\u00a0 <\/strong>Espanhol, ingl\u00eas, portugu\u00eas obrigat\u00f3rio.<br \/>\n<strong>Requisitos educacionais<\/strong><\/p>\n<ul>\n<li>Cursando ou com um diploma universit\u00e1rio em carreiras administrativas.<\/li>\n<li>Excelente manuseio dos utilit\u00e1rios.<\/li>\n<\/ul>\n<p><strong>Experi\u00eancia:<\/strong><\/p>\n<ul>\n<li>Experi\u00eancia de atendimento ao cliente de qualidade.<\/li>\n<li>Experi\u00eancia m\u00ednima na \u00e1rea de 2 anos.<\/li>\n<li>Elabora\u00e7\u00e3o de relat\u00f3rios da carteira de ag\u00eancias\/consultores.<\/li>\n<li>Avalia\u00e7\u00e3o das carteiras da Ag\u00eancia\/Consultor de acordo com as m\u00e9tricas definidas com a equipe de Account Management.<\/li>\n<li>Prepara\u00e7\u00e3o e envio de comunica\u00e7\u00f5es personalizadas \u00e0s Ag\u00eancias\/Consultores.<\/li>\n<li>Resposta a v\u00e1rias consultas de Ag\u00eancias\/Consultores na caixa de correio Ever Agent Contract.<\/li>\n<li>Recolha de informa\u00e7\u00e3o junto de Ag\u00eancias\/Consultores.<\/li>\n<li>\u00e1rea de Gest\u00e3o de Contas<\/li>\n<\/ul>\n<p><strong>Habilidades necess\u00e1rias:<\/strong><\/p>\n<ul>\n<li>Comunica\u00e7\u00e3o assertiva e pensamento anal\u00edtico.<\/li>\n<li>Trabalho em equipe<\/li>\n<li>Lideran\u00e7a.<\/li>\n<li>Proatividade.<\/li>\n<li>Orienta\u00e7\u00e3o de bom atendimento ao atendimento interno, qualidade, resultados e aprendizado.<\/li>\n<\/ul>\n<p>Pode enviar seu curr\u00edculo \u00e0:<br \/>\n<a href=\"mailto:everhumanresource@everinsuranceglobal.com\">everhumanresource@everinsuranceglobal.com<\/a>[\/vc_column_text][\/vc_column][\/vc_row][vc_row disable_element=&#8221;yes&#8221;][vc_column][vc_separator][\/vc_column][\/vc_row][vc_row disable_element=&#8221;yes&#8221;][vc_column width=&#8221;1\/3&#8243;][vc_single_image image=&#8221;4439&#8243; img_size=&#8221;400x 400&#8243;][vc_column_text css=&#8221;.vc_custom_1675795403421{margin-top: 10px !important;}&#8221;]Vacante de desarrollador de software<br \/>\nRequisitos:<\/p>\n<ul>\n<li>Conocimiento en base de datos<\/li>\n<li>Concimiento en WordPress<\/li>\n<li>Conocimiento en JavaScript<\/li>\n<\/ul>\n<p>[\/vc_column_text]<div class=\"sc_item_button sc_button_wrap sc_align_center\"><a href=\"https:\/\/4everinsurance.com\/oportunidades-de-trabajo\/\" id=\"sc_button_1334405832\" class=\"sc_button sc_button_default  vc_custom_1675809966385 sc_button_size_normal sc_button_icon_left\"><span class=\"sc_button_text sc_align_center\"><span class=\"sc_button_title\">Contacto<\/span><\/span><!-- \/.sc_button_text --><\/a><!-- \/.sc_button --><\/div><!-- \/.sc_item_button -->[\/vc_column][vc_column width=&#8221;1\/3&#8243;][vc_single_image image=&#8221;4427&#8243; img_size=&#8221;400 x 400&#8243;][vc_column_text css=&#8221;.vc_custom_1675834778458{margin-top: 10px !important;}&#8221;]I am text block. Click edit button to change this text. Lorem ipsum dolor sit amet, consectetur adipiscing elit. Ut elit tellus, luctus nec ullamcorper mattis, pulvinar dapibus leo.<\/p>\n<ul>\n<li>Opcion 1<\/li>\n<li>Opcion 2<\/li>\n<li>Opcion 3<\/li>\n<\/ul>\n<p>[\/vc_column_text]<div class=\"sc_item_button sc_button_wrap sc_align_center\"><a href=\"#\" id=\"sc_button_265043462\" class=\"sc_button sc_button_default  vc_custom_1675834851174 sc_button_size_normal sc_button_icon_left\"><span class=\"sc_button_text sc_align_center\"><span class=\"sc_button_title\">consulta<\/span><\/span><!-- \/.sc_button_text --><\/a><!-- \/.sc_button --><\/div><!-- \/.sc_item_button -->[\/vc_column][vc_column width=&#8221;1\/3&#8243;][\/vc_column][\/vc_row]<\/p>\n<\/div>","protected":false},"excerpt":{"rendered":"<p>[vc_row disable_element=&#8221;yes&#8221;][vc_column][vc_column_text] No hay vacantes en estos momentos [\/vc_column_text][vc_single_image image=&#8221;1660&#8243; img_size=&#8221;medium&#8221; alignment=&#8221;center&#8221; css=&#8221;.vc_custom_1675805501584{margin-top: 20px !important;}&#8221;][\/vc_column][\/vc_row][vc_row gap=&#8221;30&#8243; equal_height=&#8221;yes&#8221; disable_element=&#8221;yes&#8221;][vc_column width=&#8221;1\/3&#8243; css=&#8221;.vc_custom_1680630714357{padding-top: 30px !important;padding-right: 30px !important;padding-bottom: 30px !important;padding-left: 30px !important;background-color: #f4f4f4 !important;}&#8221;][vc_column_text css=&#8221;.vc_custom_1683151119869{margin-top: 10px !important;}&#8221;]IDIOMA: Ingl\u00eas, espanhol, portugu\u00eas obrigat\u00f3rio. Requisitos educacionais Forma\u00e7\u00e3o superior em andamento nas carreiras de enfermagem, Medicina de Emerg\u00eancia ou campos relacionados. L\u00edngua mandarim. Dom\u00ednio no pacote de Office.&hellip;<\/p>\n","protected":false},"author":1,"featured_media":5514,"parent":0,"menu_order":0,"comment_status":"closed","ping_status":"closed","template":"","meta":{"footnotes":""},"class_list":["post-4525","page","type-page","status-publish","has-post-thumbnail","hentry"],"_links":{"self":[{"href":"https:\/\/4everinsurance.com\/pt-br\/wp-json\/wp\/v2\/pages\/4525","targetHints":{"allow":["GET"]}}],"collection":[{"href":"https:\/\/4everinsurance.com\/pt-br\/wp-json\/wp\/v2\/pages"}],"about":[{"href":"https:\/\/4everinsurance.com\/pt-br\/wp-json\/wp\/v2\/types\/page"}],"author":[{"embeddable":true,"href":"https:\/\/4everinsurance.com\/pt-br\/wp-json\/wp\/v2\/users\/1"}],"replies":[{"embeddable":true,"href":"https:\/\/4everinsurance.com\/pt-br\/wp-json\/wp\/v2\/comments?post=4525"}],"version-history":[{"count":13,"href":"https:\/\/4everinsurance.com\/pt-br\/wp-json\/wp\/v2\/pages\/4525\/revisions"}],"predecessor-version":[{"id":6789,"href":"https:\/\/4everinsurance.com\/pt-br\/wp-json\/wp\/v2\/pages\/4525\/revisions\/6789"}],"wp:featuredmedia":[{"embeddable":true,"href":"https:\/\/4everinsurance.com\/pt-br\/wp-json\/wp\/v2\/media\/5514"}],"wp:attachment":[{"href":"https:\/\/4everinsurance.com\/pt-br\/wp-json\/wp\/v2\/media?parent=4525"}],"curies":[{"name":"wp","href":"https:\/\/api.w.org\/{rel}","templated":true}]}}