{"id":3676,"date":"2022-07-15T21:16:01","date_gmt":"2022-07-16T02:16:01","guid":{"rendered":"https:\/\/everinsuranceglobal.com\/?page_id=3676"},"modified":"2022-09-05T10:50:05","modified_gmt":"2022-09-05T15:50:05","slug":"agentes","status":"publish","type":"page","link":"https:\/\/4everinsurance.com\/pt-br\/agentes\/","title":{"rendered":"Agentes"},"content":{"rendered":"<div class=\"wpb-content-wrapper\"><p>[vc_row gap=&#8221;35&#8243;][vc_column width=&#8221;1\/2&#8243;]<div id=\"sc_title_420068132\"\n\t\tclass=\"sc_title sc_title_default title-blue  vc_custom_1662392940520\"><h6 class=\"sc_item_subtitle sc_title_subtitle sc_align_center sc_item_title_style_default\">CONVIERTASE EN UN<\/h6><h3 class=\"sc_item_title sc_title_title sc_align_center sc_item_title_style_default\"><i>AGENTE DE EVER<\/i><\/h3><\/div><!-- \/.sc_title -->[vc_row_inner css=&#8221;.vc_custom_1657644060413{margin-bottom: 20px !important;}&#8221;][vc_column_inner][vc_column_text]Todos os agentes s\u00e3o o cora\u00e7\u00e3o do neg\u00f3cio. TODOS valorizam sua parceria e compromisso, oferecendo-lhes planos de seguro sa\u00fade internacionais abrangentes para seus clientes e o melhor servi\u00e7o.[\/vc_column_text][\/vc_column_inner][\/vc_row_inner][vc_empty_space alter_height=&#8221;small&#8221; hide_on_mobile=&#8221;&#8221;][vc_row_inner css=&#8221;.vc_custom_1657643814749{margin-bottom: 20px !important;}&#8221;][vc_column_inner][vc_icon icon_fontawesome=&#8221;fas fa-chart-line&#8221; color=&#8221;custom&#8221; size=&#8221;xl&#8221; align=&#8221;center&#8221; custom_color=&#8221;#3d7cc9&#8243;][vc_column_text]<\/p>\n<div class=\"wpb_text_column wpb_content_element vc_custom_1578939068484\">\n<div class=\"wpb_wrapper\">\n<p style=\"text-align: center;\"><strong>Apoio ao crescimento dos neg\u00f3cios<\/strong><\/p>\n<\/div>\n<\/div>\n<div class=\"wpb_text_column wpb_content_element \">\n<div class=\"wpb_wrapper\">\n<p style=\"text-align: center;\">A equipe dedicada de Vendas e Gerenciamento de Contas est\u00e1 dispon\u00edvel para apoiar os agentes no desenvolvimento de seu portf\u00f3lio.<\/p>\n<\/div>\n<\/div>\n<p>[\/vc_column_text][vc_empty_space alter_height=&#8221;small&#8221; hide_on_mobile=&#8221;&#8221;][vc_icon icon_fontawesome=&#8221;fas fa-laptop-medical&#8221; color=&#8221;custom&#8221; size=&#8221;xl&#8221; align=&#8221;center&#8221; custom_color=&#8221;#3d7cc9&#8243;][vc_column_text]<\/p>\n<div class=\"wpb_text_column wpb_content_element vc_custom_1578939068484\">\n<div class=\"wpb_wrapper\">\n<div class=\"wpb_text_column wpb_content_element vc_custom_1582125363036\">\n<div class=\"wpb_wrapper\">\n<p style=\"text-align: center;\"><strong>Tecnologia de primeira classe<\/strong><\/p>\n<\/div>\n<\/div>\n<div class=\"wpb_text_column wpb_content_element \">\n<div class=\"wpb_wrapper\">\n<p style=\"text-align: center;\">Ferramentas inovadoras, incluindo aplica\u00e7\u00f5es, portal personalizado, p\u00e1ginas da web e muito mais.<\/p>\n<\/div>\n<\/div>\n<\/div>\n<\/div>\n<p>[\/vc_column_text][vc_empty_space alter_height=&#8221;small&#8221; hide_on_mobile=&#8221;&#8221;][vc_icon icon_fontawesome=&#8221;fas fa-trophy&#8221; color=&#8221;custom&#8221; size=&#8221;xl&#8221; align=&#8221;center&#8221; custom_color=&#8221;#3d7cc9&#8243;][vc_column_text]<\/p>\n<div class=\"wpb_text_column wpb_content_element vc_custom_1578939068484\">\n<div class=\"wpb_wrapper\">\n<div class=\"wpb_text_column wpb_content_element vc_custom_1582125363036\">\n<div class=\"wpb_wrapper\">\n<div class=\"wpb_text_column wpb_content_element vc_custom_1578939115102\">\n<div class=\"wpb_wrapper\">\n<p style=\"text-align: center;\">Recompensas e incentivos<\/p>\n<\/div>\n<\/div>\n<div class=\"wpb_text_column wpb_content_element \">\n<div class=\"wpb_wrapper\">\n<p style=\"text-align: center;\">As conven\u00e7\u00f5es anuais s\u00e3o projetadas para oferecer aos agentes uma experi\u00eancia de luxo aut\u00eantica e inesquec\u00edvel nos destinos mais ex\u00f3ticos do mundo.<\/p>\n<\/div>\n<\/div>\n<\/div>\n<\/div>\n<\/div>\n<\/div>\n<p>[\/vc_column_text][\/vc_column_inner][\/vc_row_inner][\/vc_column][vc_column width=&#8221;1\/2&#8243; offset=&#8221;vc_col-md-offset-0 vc_col-md-6 vc_col-sm-offset-0&#8243;]<div id=\"sc_title_1338650325\"\n\t\tclass=\"sc_title sc_title_default title-blue  vc_custom_1657920220486\"><h6 class=\"sc_item_subtitle sc_title_subtitle sc_align_left sc_item_title_style_default\">QUIERO SER AGENTE<\/h6><h3 class=\"sc_item_title sc_title_title sc_align_left sc_item_title_style_default\"><i>DE EVER<\/i><\/h3><\/div><!-- \/.sc_title --><div class=\"wpforms-container \" id=\"wpforms-3661\"><form id=\"wpforms-form-3661\" class=\"wpforms-validate wpforms-form wpforms-ajax-form\" data-formid=\"3661\" method=\"post\" enctype=\"multipart\/form-data\" action=\"\/pt-br\/wp-json\/wp\/v2\/pages\/3676\" data-token=\"b8214d0cf23c2e9b2949ca8961148283\" data-token-time=\"1776350334\"><noscript class=\"wpforms-error-noscript\">Ative o JavaScript no seu navegador para preencher este formul\u00e1rio.<\/noscript><div class=\"wpforms-field-container\"><div id=\"wpforms-3661-field_1-container\" class=\"wpforms-field wpforms-field-text\" data-field-id=\"1\"><label class=\"wpforms-field-label\" for=\"wpforms-3661-field_1\">Nome e sobrenome <span class=\"wpforms-required-label\">*<\/span><\/label><input type=\"text\" id=\"wpforms-3661-field_1\" class=\"wpforms-field-large wpforms-field-required\" name=\"wpforms[fields][1]\" required><\/div><div id=\"wpforms-3661-field_2-container\" class=\"wpforms-field wpforms-field-text\" data-field-id=\"2\"><label class=\"wpforms-field-label\" for=\"wpforms-3661-field_2\">Pais de resid\u00eancia <span class=\"wpforms-required-label\">*<\/span><\/label><input type=\"text\" id=\"wpforms-3661-field_2\" class=\"wpforms-field-large wpforms-field-required\" name=\"wpforms[fields][2]\" required><\/div><div id=\"wpforms-3661-field_3-container\" class=\"wpforms-field wpforms-field-email wpforms-one-half wpforms-first\" data-field-id=\"3\"><label class=\"wpforms-field-label\" for=\"wpforms-3661-field_3\">Correio eletr\u00f4nico <span class=\"wpforms-required-label\">*<\/span><\/label><input type=\"email\" id=\"wpforms-3661-field_3\" class=\"wpforms-field-large wpforms-field-required\" name=\"wpforms[fields][3]\" spellcheck=\"false\" required><\/div><div id=\"wpforms-3661-field_5-container\" class=\"wpforms-field wpforms-field-text wpforms-one-half\" data-field-id=\"5\"><label class=\"wpforms-field-label\" for=\"wpforms-3661-field_5\">N\u00famero de telefone <span class=\"wpforms-required-label\">*<\/span><\/label><input type=\"text\" id=\"wpforms-3661-field_5\" class=\"wpforms-field-large wpforms-field-required\" name=\"wpforms[fields][5]\" required><\/div><div id=\"wpforms-3661-field_7-container\" class=\"wpforms-field wpforms-field-select wpforms-field-select-style-classic\" data-field-id=\"7\"><label class=\"wpforms-field-label\" for=\"wpforms-3661-field_7\">J\u00e1 teve contato com algum representante, ag\u00eancia e\/ou consultor de EVER? <span class=\"wpforms-required-label\">*<\/span><\/label><select id=\"wpforms-3661-field_7\" class=\"wpforms-field-large wpforms-field-required\" name=\"wpforms[fields][7]\" required=\"required\"><option value=\"\" class=\"placeholder\" disabled  selected='selected'>Seleccione una opci\u00f3n<\/option><option value=\"Si\"  class=\"choice-1 depth-1\"  >Si<\/option><option value=\"No\"  class=\"choice-2 depth-1\"  >No<\/option><\/select><\/div><div id=\"wpforms-3661-field_9-container\" class=\"wpforms-field wpforms-field-text\" data-field-id=\"9\"><label class=\"wpforms-field-label\" for=\"wpforms-3661-field_9\">Por favor, detalhe o nome da ag\u00eancia ou representante com quem teve contato<\/label><input type=\"text\" id=\"wpforms-3661-field_9\" class=\"wpforms-field-large\" name=\"wpforms[fields][9]\" ><\/div><\/div><!-- .wpforms-field-container --><div class=\"wpforms-recaptcha-container wpforms-is-recaptcha wpforms-is-recaptcha-type-v3\" ><input type=\"hidden\" name=\"wpforms[recaptcha]\" value=\"\"><\/div><div class=\"wpforms-submit-container\" ><input type=\"hidden\" name=\"wpforms[id]\" value=\"3661\"><input type=\"hidden\" name=\"page_title\" value=\"\"><input type=\"hidden\" name=\"page_url\" value=\"https:\/\/4everinsurance.com\/pt-br\/wp-json\/wp\/v2\/pages\/3676\"><input type=\"hidden\" name=\"url_referer\" value=\"\"><button type=\"submit\" name=\"wpforms[submit]\" id=\"wpforms-submit-3661\" class=\"wpforms-submit\" data-alt-text=\"Enviando...\" data-submit-text=\"ENVIAR\" aria-live=\"assertive\" value=\"wpforms-submit\">ENVIAR<\/button><img loading=\"lazy\" decoding=\"async\" src=\"https:\/\/4everinsurance.com\/wp-content\/plugins\/wpforms\/assets\/images\/submit-spin.svg\" class=\"wpforms-submit-spinner\" style=\"display: none;\" width=\"26\" height=\"26\" alt=\"Carregando\"><\/div><\/form><\/div>  <!-- .wpforms-container -->[\/vc_column][\/vc_row]<\/p>\n<\/div>","protected":false},"excerpt":{"rendered":"<p>[vc_row gap=&#8221;35&#8243;][vc_column width=&#8221;1\/2&#8243;][vc_row_inner css=&#8221;.vc_custom_1657644060413{margin-bottom: 20px !important;}&#8221;][vc_column_inner][vc_column_text]Todos os agentes s\u00e3o o cora\u00e7\u00e3o do neg\u00f3cio. TODOS valorizam sua parceria e compromisso, oferecendo-lhes planos de seguro sa\u00fade internacionais abrangentes para seus clientes e o melhor servi\u00e7o.[\/vc_column_text][\/vc_column_inner][\/vc_row_inner][vc_empty_space alter_height=&#8221;small&#8221; hide_on_mobile=&#8221;&#8221;][vc_row_inner css=&#8221;.vc_custom_1657643814749{margin-bottom: 20px !important;}&#8221;][vc_column_inner][vc_icon icon_fontawesome=&#8221;fas fa-chart-line&#8221; color=&#8221;custom&#8221; size=&#8221;xl&#8221; align=&#8221;center&#8221; custom_color=&#8221;#3d7cc9&#8243;][vc_column_text] Apoio ao crescimento dos neg\u00f3cios A equipe dedicada de Vendas e Gerenciamento de Contas est\u00e1 dispon\u00edvel&hellip;<\/p>\n","protected":false},"author":1,"featured_media":5495,"parent":0,"menu_order":0,"comment_status":"closed","ping_status":"closed","template":"","meta":{"footnotes":""},"class_list":["post-3676","page","type-page","status-publish","has-post-thumbnail","hentry"],"_links":{"self":[{"href":"https:\/\/4everinsurance.com\/pt-br\/wp-json\/wp\/v2\/pages\/3676","targetHints":{"allow":["GET"]}}],"collection":[{"href":"https:\/\/4everinsurance.com\/pt-br\/wp-json\/wp\/v2\/pages"}],"about":[{"href":"https:\/\/4everinsurance.com\/pt-br\/wp-json\/wp\/v2\/types\/page"}],"author":[{"embeddable":true,"href":"https:\/\/4everinsurance.com\/pt-br\/wp-json\/wp\/v2\/users\/1"}],"replies":[{"embeddable":true,"href":"https:\/\/4everinsurance.com\/pt-br\/wp-json\/wp\/v2\/comments?post=3676"}],"version-history":[{"count":3,"href":"https:\/\/4everinsurance.com\/pt-br\/wp-json\/wp\/v2\/pages\/3676\/revisions"}],"predecessor-version":[{"id":3894,"href":"https:\/\/4everinsurance.com\/pt-br\/wp-json\/wp\/v2\/pages\/3676\/revisions\/3894"}],"wp:featuredmedia":[{"embeddable":true,"href":"https:\/\/4everinsurance.com\/pt-br\/wp-json\/wp\/v2\/media\/5495"}],"wp:attachment":[{"href":"https:\/\/4everinsurance.com\/pt-br\/wp-json\/wp\/v2\/media?parent=3676"}],"curies":[{"name":"wp","href":"https:\/\/api.w.org\/{rel}","templated":true}]}}