{"id":3659,"date":"2022-08-25T13:49:51","date_gmt":"2022-08-25T18:49:51","guid":{"rendered":"https:\/\/everinsuranceglobal.com\/?page_id=3659"},"modified":"2023-11-15T15:25:09","modified_gmt":"2023-11-15T20:25:09","slug":"agentes-portuguese","status":"publish","type":"page","link":"https:\/\/4everinsurance.com\/pt-br\/agentes-portuguese\/","title":{"rendered":"Consultores"},"content":{"rendered":"<div class=\"wpb-content-wrapper\"><p>[vc_row gap=&#8221;35&#8243;][vc_column width=&#8221;1\/2&#8243;]<div id=\"sc_title_486087674\"\n\t\tclass=\"sc_title sc_title_default title-blue  vc_custom_1662740607928\"><h6 class=\"sc_item_subtitle sc_title_subtitle sc_align_left sc_item_title_style_default\">TORNE-SE<\/h6><h3 class=\"sc_item_title sc_title_title sc_align_left sc_item_title_style_default\"><i>CONSULTOR DE EVER<\/i><\/h3><\/div><!-- \/.sc_title -->[vc_row_inner css=&#8221;.vc_custom_1657644060413{margin-bottom: 20px !important;}&#8221;][vc_column_inner][vc_column_text]Os consultores de EVER s\u00e3o o cora\u00e7\u00e3o de nosso neg\u00f3cio. EVER valoriza sua associa\u00e7\u00e3o e compromisso e oferecermos planos integrais de seguro m\u00e9dicos internacionais para seus clientes e o melhor servi\u00e7o.[\/vc_column_text][\/vc_column_inner][\/vc_row_inner][vc_empty_space alter_height=&#8221;small&#8221; hide_on_mobile=&#8221;&#8221;][vc_row_inner css=&#8221;.vc_custom_1657643814749{margin-bottom: 20px !important;}&#8221;][vc_column_inner][vc_icon icon_fontawesome=&#8221;fas fa-chart-line&#8221; color=&#8221;custom&#8221; size=&#8221;xl&#8221; custom_color=&#8221;#3d7cc9&#8243;][vc_column_text]<\/p>\n<div class=\"wpb_text_column wpb_content_element vc_custom_1578939068484\">\n<div class=\"wpb_wrapper\">\n<p><strong>Apoiamos o crescimento de seu neg\u00f3cio<\/strong><\/p>\n<\/div>\n<\/div>\n<div class=\"wpb_text_column wpb_content_element \">\n<div class=\"wpb_wrapper\">\n<p>Nossa equipe de vendas e de Ger\u00eancia de contas est\u00e1 dispon\u00edvel para apoiar aos consultores com o desenvolvimento da sua carteira.<\/p>\n<\/div>\n<\/div>\n<p>[\/vc_column_text][vc_empty_space alter_height=&#8221;small&#8221; hide_on_mobile=&#8221;&#8221;][vc_icon icon_fontawesome=&#8221;fas fa-laptop-medical&#8221; color=&#8221;custom&#8221; size=&#8221;xl&#8221; custom_color=&#8221;#3d7cc9&#8243;][vc_column_text]<\/p>\n<div class=\"wpb_text_column wpb_content_element vc_custom_1578939068484\">\n<div class=\"wpb_wrapper\">\n<div class=\"wpb_text_column wpb_content_element vc_custom_1582125363036\">\n<div class=\"wpb_wrapper\">\n<p><strong>Tecnologia de primeira<\/strong><\/p>\n<\/div>\n<\/div>\n<div class=\"wpb_text_column wpb_content_element \">\n<div class=\"wpb_wrapper\">\n<p>Possu\u00edmos ferramentas de inova\u00e7\u00e3o digital que incluem aplica\u00e7\u00f5es, portal customizado, p\u00e1ginas web e muitas outras op\u00e7\u00f5es.<\/p>\n<\/div>\n<\/div>\n<\/div>\n<\/div>\n<p>[\/vc_column_text][vc_empty_space alter_height=&#8221;small&#8221; hide_on_mobile=&#8221;&#8221;][vc_icon icon_fontawesome=&#8221;fas fa-trophy&#8221; color=&#8221;custom&#8221; size=&#8221;xl&#8221; custom_color=&#8221;#3d7cc9&#8243;][vc_column_text]<\/p>\n<div class=\"wpb_text_column wpb_content_element vc_custom_1578939068484\">\n<div class=\"wpb_wrapper\">\n<div class=\"wpb_text_column wpb_content_element vc_custom_1582125363036\">\n<div class=\"wpb_wrapper\">\n<div class=\"wpb_text_column wpb_content_element vc_custom_1578939115102\">\n<div class=\"wpb_wrapper\">\n<p><strong>Gratifica\u00e7\u00f5es e incentivos<\/strong><\/p>\n<\/div>\n<\/div>\n<div class=\"wpb_text_column wpb_content_element \">\n<div class=\"wpb_wrapper\">\n<p>Nossas conven\u00e7\u00f5es anuais foram desenhadas para oferecer aos consultores uma experencia de luxo, aut\u00eantica e inesquec\u00edvel nos destinos mais ex\u00f3ticos do mundo.<\/p>\n<\/div>\n<\/div>\n<\/div>\n<\/div>\n<\/div>\n<\/div>\n<p>[\/vc_column_text][\/vc_column_inner][\/vc_row_inner][\/vc_column][vc_column width=&#8221;1\/2&#8243; offset=&#8221;vc_col-md-offset-0 vc_col-md-6 vc_col-sm-offset-0&#8243;]<div id=\"sc_title_1941427534\"\n\t\tclass=\"sc_title sc_title_default title-blue  vc_custom_1662740704335\"><h6 class=\"sc_item_subtitle sc_title_subtitle sc_align_left sc_item_title_style_default\">QUERO SER<\/h6><h3 class=\"sc_item_title sc_title_title sc_align_left sc_item_title_style_default\"><i>CONSULTOR DE EVER<\/i><\/h3><\/div><!-- \/.sc_title --><div class=\"wpforms-container \" id=\"wpforms-3661\"><form id=\"wpforms-form-3661\" class=\"wpforms-validate wpforms-form wpforms-ajax-form\" data-formid=\"3661\" method=\"post\" enctype=\"multipart\/form-data\" action=\"\/pt-br\/wp-json\/wp\/v2\/pages\/3659\" data-token=\"b8214d0cf23c2e9b2949ca8961148283\" data-token-time=\"1776345835\"><noscript class=\"wpforms-error-noscript\">Ative o JavaScript no seu navegador para preencher este formul\u00e1rio.<\/noscript><div class=\"wpforms-field-container\"><div id=\"wpforms-3661-field_1-container\" class=\"wpforms-field wpforms-field-text\" data-field-id=\"1\"><label class=\"wpforms-field-label\" for=\"wpforms-3661-field_1\">Nome e sobrenome <span class=\"wpforms-required-label\">*<\/span><\/label><input type=\"text\" id=\"wpforms-3661-field_1\" class=\"wpforms-field-large wpforms-field-required\" name=\"wpforms[fields][1]\" required><\/div><div id=\"wpforms-3661-field_2-container\" class=\"wpforms-field wpforms-field-text\" data-field-id=\"2\"><label class=\"wpforms-field-label\" for=\"wpforms-3661-field_2\">Pais de resid\u00eancia <span class=\"wpforms-required-label\">*<\/span><\/label><input type=\"text\" id=\"wpforms-3661-field_2\" class=\"wpforms-field-large wpforms-field-required\" name=\"wpforms[fields][2]\" required><\/div><div id=\"wpforms-3661-field_3-container\" class=\"wpforms-field wpforms-field-email wpforms-one-half wpforms-first\" data-field-id=\"3\"><label class=\"wpforms-field-label\" for=\"wpforms-3661-field_3\">Correio eletr\u00f4nico <span class=\"wpforms-required-label\">*<\/span><\/label><input type=\"email\" id=\"wpforms-3661-field_3\" class=\"wpforms-field-large wpforms-field-required\" name=\"wpforms[fields][3]\" spellcheck=\"false\" required><\/div><div id=\"wpforms-3661-field_5-container\" class=\"wpforms-field wpforms-field-text wpforms-one-half\" data-field-id=\"5\"><label class=\"wpforms-field-label\" for=\"wpforms-3661-field_5\">N\u00famero de telefone <span class=\"wpforms-required-label\">*<\/span><\/label><input type=\"text\" id=\"wpforms-3661-field_5\" class=\"wpforms-field-large wpforms-field-required\" name=\"wpforms[fields][5]\" required><\/div><div id=\"wpforms-3661-field_7-container\" class=\"wpforms-field wpforms-field-select wpforms-field-select-style-classic\" data-field-id=\"7\"><label class=\"wpforms-field-label\" for=\"wpforms-3661-field_7\">J\u00e1 teve contato com algum representante, ag\u00eancia e\/ou consultor de EVER? <span class=\"wpforms-required-label\">*<\/span><\/label><select id=\"wpforms-3661-field_7\" class=\"wpforms-field-large wpforms-field-required\" name=\"wpforms[fields][7]\" required=\"required\"><option value=\"\" class=\"placeholder\" disabled  selected='selected'>Seleccione una opci\u00f3n<\/option><option value=\"Si\"  class=\"choice-1 depth-1\"  >Si<\/option><option value=\"No\"  class=\"choice-2 depth-1\"  >No<\/option><\/select><\/div><div id=\"wpforms-3661-field_9-container\" class=\"wpforms-field wpforms-field-text\" data-field-id=\"9\"><label class=\"wpforms-field-label\" for=\"wpforms-3661-field_9\">Por favor, detalhe o nome da ag\u00eancia ou representante com quem teve contato<\/label><input type=\"text\" id=\"wpforms-3661-field_9\" class=\"wpforms-field-large\" name=\"wpforms[fields][9]\" ><\/div><\/div><!-- .wpforms-field-container --><div class=\"wpforms-recaptcha-container wpforms-is-recaptcha wpforms-is-recaptcha-type-v3\" ><input type=\"hidden\" name=\"wpforms[recaptcha]\" value=\"\"><\/div><div class=\"wpforms-submit-container\" ><input type=\"hidden\" name=\"wpforms[id]\" value=\"3661\"><input type=\"hidden\" name=\"page_title\" value=\"\"><input type=\"hidden\" name=\"page_url\" value=\"https:\/\/4everinsurance.com\/pt-br\/wp-json\/wp\/v2\/pages\/3659\"><input type=\"hidden\" name=\"url_referer\" value=\"\"><button type=\"submit\" name=\"wpforms[submit]\" id=\"wpforms-submit-3661\" class=\"wpforms-submit\" data-alt-text=\"Enviando...\" data-submit-text=\"ENVIAR\" aria-live=\"assertive\" value=\"wpforms-submit\">ENVIAR<\/button><img loading=\"lazy\" decoding=\"async\" src=\"https:\/\/4everinsurance.com\/wp-content\/plugins\/wpforms\/assets\/images\/submit-spin.svg\" class=\"wpforms-submit-spinner\" style=\"display: none;\" width=\"26\" height=\"26\" alt=\"Carregando\"><\/div><\/form><\/div>  <!-- .wpforms-container -->[\/vc_column][\/vc_row]<\/p>\n<\/div>","protected":false},"excerpt":{"rendered":"<p>[vc_row gap=&#8221;35&#8243;][vc_column width=&#8221;1\/2&#8243;][vc_row_inner css=&#8221;.vc_custom_1657644060413{margin-bottom: 20px !important;}&#8221;][vc_column_inner][vc_column_text]Os consultores de EVER s\u00e3o o cora\u00e7\u00e3o de nosso neg\u00f3cio. EVER valoriza sua associa\u00e7\u00e3o e compromisso e oferecermos planos integrais de seguro m\u00e9dicos internacionais para seus clientes e o melhor servi\u00e7o.[\/vc_column_text][\/vc_column_inner][\/vc_row_inner][vc_empty_space alter_height=&#8221;small&#8221; hide_on_mobile=&#8221;&#8221;][vc_row_inner css=&#8221;.vc_custom_1657643814749{margin-bottom: 20px !important;}&#8221;][vc_column_inner][vc_icon icon_fontawesome=&#8221;fas fa-chart-line&#8221; color=&#8221;custom&#8221; size=&#8221;xl&#8221; custom_color=&#8221;#3d7cc9&#8243;][vc_column_text] Apoiamos o crescimento de seu neg\u00f3cio Nossa equipe de vendas e de Ger\u00eancia de&hellip;<\/p>\n","protected":false},"author":1,"featured_media":5523,"parent":0,"menu_order":0,"comment_status":"closed","ping_status":"closed","template":"","meta":{"footnotes":""},"class_list":["post-3659","page","type-page","status-publish","has-post-thumbnail","hentry"],"_links":{"self":[{"href":"https:\/\/4everinsurance.com\/pt-br\/wp-json\/wp\/v2\/pages\/3659","targetHints":{"allow":["GET"]}}],"collection":[{"href":"https:\/\/4everinsurance.com\/pt-br\/wp-json\/wp\/v2\/pages"}],"about":[{"href":"https:\/\/4everinsurance.com\/pt-br\/wp-json\/wp\/v2\/types\/page"}],"author":[{"embeddable":true,"href":"https:\/\/4everinsurance.com\/pt-br\/wp-json\/wp\/v2\/users\/1"}],"replies":[{"embeddable":true,"href":"https:\/\/4everinsurance.com\/pt-br\/wp-json\/wp\/v2\/comments?post=3659"}],"version-history":[{"count":6,"href":"https:\/\/4everinsurance.com\/pt-br\/wp-json\/wp\/v2\/pages\/3659\/revisions"}],"predecessor-version":[{"id":5535,"href":"https:\/\/4everinsurance.com\/pt-br\/wp-json\/wp\/v2\/pages\/3659\/revisions\/5535"}],"wp:featuredmedia":[{"embeddable":true,"href":"https:\/\/4everinsurance.com\/pt-br\/wp-json\/wp\/v2\/media\/5523"}],"wp:attachment":[{"href":"https:\/\/4everinsurance.com\/pt-br\/wp-json\/wp\/v2\/media?parent=3659"}],"curies":[{"name":"wp","href":"https:\/\/api.w.org\/{rel}","templated":true}]}}