{"id":1476,"date":"2022-06-13T23:04:53","date_gmt":"2022-06-14T04:04:53","guid":{"rendered":"https:\/\/ever.itrends.dev\/home\/"},"modified":"2025-03-18T14:11:56","modified_gmt":"2025-03-18T19:11:56","slug":"home","status":"publish","type":"page","link":"https:\/\/4everinsurance.com\/pt-br\/","title":{"rendered":"IN\u00cdCIO"},"content":{"rendered":"<div class=\"wpb-content-wrapper\"><p>[vc_row full_width=&#8221;stretch_row&#8221; el_id=&#8221;desktop_slider_revolution&#8221;][vc_column][rev_slider_vc alias=&#8221;home-1-12&#8243; el_class=&#8221;desktop_slider_revolution&#8221;][\/vc_column][\/vc_row][vc_row el_id=&#8221;mobile_slider_revolution&#8221;][vc_column][rev_slider_vc alias=&#8221;home-1-12&#8243; el_class=&#8221;mobile_slider_revolution&#8221;][\/vc_column][\/vc_row][vc_row][vc_column]<div id=\"sc_title_1082325082\"\n\t\tclass=\"sc_title sc_title_default title-blue  vc_custom_1661465386749\"><h6 class=\"sc_item_subtitle sc_title_subtitle sc_align_left sc_item_title_style_default\">COBERTURA GLOBAL<\/h6><h3 class=\"sc_item_title sc_title_title sc_align_left sc_item_title_style_default\">PARA <i>SEMPRE<\/i><\/h3><\/div><!-- \/.sc_title -->[vc_column_text css=&#8221;.vc_custom_1705080520637{margin-bottom: 22px !important;}&#8221;]<strong>Ever\u00ae Insurance<\/strong> implementou programas de qualidade superior relacionados em todas os setores da ind\u00fastria de despensas m\u00e9dicas maiores. Nosso sucesso \u00e9 ajudar ao paciente \u00e0 escolher a melhor op\u00e7\u00e3o para o tratamento m\u00e9dico-hospital\u00e1rio, at\u00e9 o processamento, administra\u00e7\u00e3o, e redu\u00e7\u00e3o de custos associados. Dessa forma a experencia do paciente em todas \u00e1reas e servi\u00e7os associados tornam \u00e0\u00a0nossa empresa \u00e9 a melhor op\u00e7\u00e3o do mercado.[\/vc_column_text][vc_btn title=&#8221;Leia mais&#8221; shape=&#8221;square&#8221; color=&#8221;primary&#8221; link=&#8221;url:https%3A%2F%2Feverinsuranceglobal.com%2Fnosotros%2F|title:Nosotros&#8221;][\/vc_column][\/vc_row][vc_row full_width=&#8221;stretch_row&#8221; css=&#8221;.vc_custom_1655229796925{padding-top: 64px !important;padding-bottom: 64px !important;background-color: #f2f2f2 !important;}&#8221;][vc_column]<div id=\"sc_title_1000123720\"\n\t\tclass=\"sc_title sc_title_default title-blue\"><h3 class=\"sc_item_title sc_title_title sc_align_center sc_item_title_style_default\"><i>Planos<\/i> de sa\u00fade<\/h3><div class=\"sc_item_descr sc_title_descr sc_align_center\"><p>Temos tr\u00eas planos s\u00f3lidos que cobrem todas as necessidades de nossos segurados.<\/p>\n<\/div><\/div><!-- \/.sc_title -->[vc_empty_space alter_height=&#8221;small&#8221; hide_on_mobile=&#8221;&#8221;][vc_row_inner css=&#8221;.vc_custom_1655827874534{margin-top: 22px !important;}&#8221; el_id=&#8221;planes_salud&#8221;][vc_column_inner width=&#8221;1\/4&#8243; offset=&#8221;vc_col-lg-3 vc_col-md-3 vc_col-xs-6&#8243;][vc_single_image image=&#8221;6649&#8243; img_size=&#8221;full&#8221; onclick=&#8221;custom_link&#8221; css=&#8221;&#8221; link=&#8221;https:\/\/4everinsurance.com\/pt-br\/everest\/&#8221; el_class=&#8221;grow popup-hover popup:id:popupdemo popup:placement:top popup:arrow&#8221;][vc_empty_space alter_height=&#8221;small&#8221; hide_on_mobile=&#8221;&#8221;][vc_btn title=&#8221;EVEREST&#8221; shape=&#8221;square&#8221; color=&#8221;blue&#8221; align=&#8221;center&#8221; link=&#8221;url:https%3A%2F%2Feverinsuranceglobal.com%2Fpt-br%2Feverest%2F|title:EVEREST&#8221; el_class=&#8221;ever-alt&#8221;][vc_empty_space alter_height=&#8221;small&#8221; hide_on_mobile=&#8221;&#8221;][\/vc_column_inner][vc_column_inner width=&#8221;1\/4&#8243; offset=&#8221;vc_col-lg-3 vc_col-md-3 vc_col-xs-6&#8243;][vc_single_image image=&#8221;6652&#8243; img_size=&#8221;full&#8221; onclick=&#8221;custom_link&#8221; css=&#8221;&#8221; link=&#8221;https:\/\/4everinsurance.com\/pt-br\/everywhere\/&#8221; el_class=&#8221;grow popup-hover popup:id:popupdemo2 popup:placement:top popup:arrow&#8221;][vc_empty_space alter_height=&#8221;small&#8221; hide_on_mobile=&#8221;&#8221;][vc_btn title=&#8221;EVERYWHERE&#8221; shape=&#8221;square&#8221; align=&#8221;center&#8221; el_class=&#8221;ever-alt&#8221; link=&#8221;url:https%3A%2F%2Feverinsuranceglobal.com%2Fpt-br%2Feverywhere%2F|title:EVERYWHERE&#8221;][vc_empty_space alter_height=&#8221;small&#8221; hide_on_mobile=&#8221;&#8221;][\/vc_column_inner][vc_column_inner width=&#8221;1\/4&#8243; offset=&#8221;vc_col-lg-3 vc_col-md-3 vc_col-xs-6&#8243;][vc_single_image image=&#8221;6655&#8243; img_size=&#8221;full&#8221; onclick=&#8221;custom_link&#8221; css=&#8221;&#8221; link=&#8221;https:\/\/4everinsurance.com\/pt-br\/everywhere\/&#8221; el_class=&#8221;grow popup-hover popup:id:popupdemo3 popup:placement:top popup:arrow&#8221;][vc_empty_space alter_height=&#8221;small&#8221; hide_on_mobile=&#8221;&#8221;][vc_btn title=&#8221;EVERPRESENT&#8221; shape=&#8221;square&#8221; color=&#8221;peacoc&#8221; align=&#8221;center&#8221; el_class=&#8221;ever-alt&#8221; link=&#8221;url:https%3A%2F%2Feverinsuranceglobal.com%2Fpt-br%2Feverywhere%2F|title:EVERYWHERE&#8221;][vc_empty_space alter_height=&#8221;small&#8221; hide_on_mobile=&#8221;&#8221;][\/vc_column_inner][vc_column_inner width=&#8221;1\/4&#8243; offset=&#8221;vc_col-lg-3 vc_col-md-3 vc_col-xs-6&#8243;][vc_single_image image=&#8221;6658&#8243; img_size=&#8221;full&#8221; onclick=&#8221;custom_link&#8221; css=&#8221;&#8221; link=&#8221;https:\/\/4everinsurance.com\/pt-br\/everlasting\/&#8221; el_class=&#8221;grow popup-hover popup:id:popupdemo4 popup:placement:top popup:arrow&#8221;][vc_empty_space alter_height=&#8221;small&#8221; hide_on_mobile=&#8221;&#8221;][vc_btn title=&#8221;EVERLASTING&#8221; shape=&#8221;square&#8221; color=&#8221;juicy-pink&#8221; align=&#8221;center&#8221; el_class=&#8221;ever-alt&#8221; link=&#8221;url:https%3A%2F%2Feverinsuranceglobal.com%2Fpt-br%2Feverlasting%2F|title:EVERLASTING&#8221;][vc_empty_space alter_height=&#8221;small&#8221; hide_on_mobile=&#8221;&#8221;][\/vc_column_inner][\/vc_row_inner][\/vc_column][\/vc_row]<\/p>\n<\/div>","protected":false},"excerpt":{"rendered":"<p>[vc_row full_width=&#8221;stretch_row&#8221; el_id=&#8221;desktop_slider_revolution&#8221;][vc_column][rev_slider_vc alias=&#8221;home-1-12&#8243; el_class=&#8221;desktop_slider_revolution&#8221;][\/vc_column][\/vc_row][vc_row el_id=&#8221;mobile_slider_revolution&#8221;][vc_column][rev_slider_vc alias=&#8221;home-1-12&#8243; el_class=&#8221;mobile_slider_revolution&#8221;][\/vc_column][\/vc_row][vc_row][vc_column][vc_column_text css=&#8221;.vc_custom_1705080520637{margin-bottom: 22px !important;}&#8221;]Ever\u00ae Insurance implementou programas de qualidade superior relacionados em todas os setores da ind\u00fastria de despensas m\u00e9dicas maiores. Nosso sucesso \u00e9 ajudar ao paciente \u00e0 escolher a melhor op\u00e7\u00e3o para o tratamento m\u00e9dico-hospital\u00e1rio, at\u00e9 o processamento, administra\u00e7\u00e3o, e redu\u00e7\u00e3o de custos associados. Dessa forma a experencia do paciente em todas&hellip;<\/p>\n","protected":false},"author":1,"featured_media":0,"parent":0,"menu_order":0,"comment_status":"closed","ping_status":"closed","template":"","meta":{"footnotes":""},"class_list":["post-1476","page","type-page","status-publish","hentry"],"_links":{"self":[{"href":"https:\/\/4everinsurance.com\/pt-br\/wp-json\/wp\/v2\/pages\/1476","targetHints":{"allow":["GET"]}}],"collection":[{"href":"https:\/\/4everinsurance.com\/pt-br\/wp-json\/wp\/v2\/pages"}],"about":[{"href":"https:\/\/4everinsurance.com\/pt-br\/wp-json\/wp\/v2\/types\/page"}],"author":[{"embeddable":true,"href":"https:\/\/4everinsurance.com\/pt-br\/wp-json\/wp\/v2\/users\/1"}],"replies":[{"embeddable":true,"href":"https:\/\/4everinsurance.com\/pt-br\/wp-json\/wp\/v2\/comments?post=1476"}],"version-history":[{"count":23,"href":"https:\/\/4everinsurance.com\/pt-br\/wp-json\/wp\/v2\/pages\/1476\/revisions"}],"predecessor-version":[{"id":6665,"href":"https:\/\/4everinsurance.com\/pt-br\/wp-json\/wp\/v2\/pages\/1476\/revisions\/6665"}],"wp:attachment":[{"href":"https:\/\/4everinsurance.com\/pt-br\/wp-json\/wp\/v2\/media?parent=1476"}],"curies":[{"name":"wp","href":"https:\/\/api.w.org\/{rel}","templated":true}]}}