{"id":1421,"date":"2022-06-13T21:50:52","date_gmt":"2022-06-14T02:50:52","guid":{"rendered":"https:\/\/ever.itrends.dev\/nosotros\/"},"modified":"2025-02-26T13:51:25","modified_gmt":"2025-02-26T18:51:25","slug":"nosotros","status":"publish","type":"page","link":"https:\/\/4everinsurance.com\/pt-br\/nosotros\/","title":{"rendered":"SOBRE N\u00d3S"},"content":{"rendered":"<div class=\"wpb-content-wrapper\"><p>[vc_row full_width=&#8221;stretch_row&#8221; equal_height=&#8221;yes&#8221; content_placement=&#8221;middle&#8221; css=&#8221;.vc_custom_1655157368320{background-color: #ffffff !important;}&#8221;][vc_column css=&#8221;.vc_custom_1492071475124{padding-right: 30px !important;padding-left: 30px !important;}&#8221;][vc_row_inner equal_height=&#8221;yes&#8221; content_placement=&#8221;middle&#8221; css=&#8221;.vc_custom_1656690638111{margin-top: 32px !important;margin-bottom: 32px !important;}&#8221;][vc_column_inner width=&#8221;1\/6&#8243;][vc_single_image image=&#8221;3762&#8243; img_size=&#8221;full&#8221; css=&#8221;.vc_custom_1662392853402{margin-bottom: 32px !important;}&#8221; el_class=&#8221;experience30&#8243; el_id=&#8221;nosotros_img&#8221;][\/vc_column_inner][vc_column_inner width=&#8221;2\/3&#8243;]<div id=\"sc_title_169792404\"\n\t\tclass=\"sc_title sc_title_default title-blue\"><h6 class=\"sc_item_subtitle sc_title_subtitle sc_align_left sc_item_title_style_default\">SOBRE<\/h6><h3 class=\"sc_item_title sc_title_title sc_align_left sc_item_title_style_default\"><i>N\u00d3S<\/i><\/h3><\/div><!-- \/.sc_title -->[\/vc_column_inner][vc_column_inner width=&#8221;1\/6&#8243;][vc_single_image source=&#8221;external_link&#8221; alignment=&#8221;center&#8221; onclick=&#8221;custom_link&#8221; img_link_target=&#8221;_blank&#8221; css=&#8221;.vc_custom_1740595857134{margin-bottom: 10px !important;border-top-width: 1px !important;border-right-width: 1px !important;border-bottom-width: 1px !important;border-left-width: 1px !important;border-left-style: solid !important;border-right-style: solid !important;border-top-style: solid !important;border-bottom-style: solid !important;border-color: #B0A9A9 !important;}&#8221; custom_src=&#8221;https:\/\/4everinsurance.com\/wp-content\/uploads\/2025\/02\/EVER-Perfil-Corporativo-2025_por-e1740595335752.jpg&#8221; link=&#8221;https:\/\/online.flippingbook.com\/view\/297052517\/&#8221;][vc_column_text css=&#8221;&#8221;]<\/p>\n<p style=\"font-size: 0.75em; text-align: center; line-height: 1.5em;\"><strong>PERFIL CORPORATIVO<\/strong><br \/>\nPORTUGU\u00c9S<\/p>\n<p>[\/vc_column_text][\/vc_column_inner][\/vc_row_inner][vc_column_text]<strong>EVER<\/strong>\u00ae Insurance \u00e9 uma empresa que possui escrit\u00f3rios regionais em am\u00e9rica latina, especializada no ramo de seguros de sa\u00fade e vida internacional. Seus fundadores e executivos s\u00e3o profissionais da ind\u00fastria com experiencia de mais de 25 anos em empresas de seguros de sa\u00fade e vida, com abordagem em Am\u00e9rica latina e o Caribe.<\/p>\n<p><strong>EVER<\/strong>\u00ae Insurance oferece grandes op\u00e7\u00f5es com produtos e servi\u00e7os de seguro e reasseguro de Sa\u00fade e vida internacionais, para despensas m\u00e9dicas maiores e clientes individuais e corporativos de distin\u00e7\u00e3o mundial. Os nossos produtos est\u00e3o registrados em Barbados, territ\u00f3rio brit\u00e2nico de ultramar sobre o governo direto do Reino Unido. O sistema jur\u00eddico brit\u00e2nico \u00e9 um dos mais exigentes e mais bem regimentado no setor de seguros, isso outorga aos nossos produtos confian\u00e7a e fortaleza incompar\u00e1vel. Em complemento nosso reasseguro possui qualifica\u00e7\u00e3o A+ outorgada pela A.M. Best que demonstra seu grande poder financeiro.<\/p>\n<p><strong>EVER<\/strong>\u00ae Insurance implementou programas de qualidade superior relacionados em todas os setores da ind\u00fastria de despensas m\u00e9dicas maiores. Nosso sucesso \u00e9 ajudar ao paciente \u00e0 escolher a melhor op\u00e7\u00e3o para o tratamento m\u00e9dico-hospital\u00e1rio, at\u00e9 o processamento, administra\u00e7\u00e3o, e redu\u00e7\u00e3o de custos associados. Dessa forma a experencia do paciente em todas \u00e1reas e servi\u00e7os associados tornam \u00e0 nossa empresa no l\u00edder da ind\u00fastria.<\/p>\n<p>Esse conjunto de processos e servi\u00e7os que iniciam desde a subscri\u00e7\u00e3o de seguro at\u00e9 o pagamento de reclamos, s\u00e3o uma refer\u00eancia de nossa perfeita sincroniza\u00e7\u00e3o com um destaque personalizado para que o nosso cliente mais exigente se sinta protegido. Nosso processo de sele\u00e7\u00e3o de riscos \u00e9 flex\u00edvel, inovador e din\u00e2mico que oferece a melhor cobertura atrav\u00e9s duma rela\u00e7\u00e3o de confian\u00e7a e benef\u00edcio rec\u00edproco.<\/p>\n<p>Nossa rede de distribui\u00e7\u00e3o \u00e9 uma das bases da nossa companhia. Constitu\u00edda por profissionais de elite com uma grande no\u00e7\u00e3o de \u00e9tica, experiencia e compet\u00eancia na orienta\u00e7\u00e3o que lhe permitem ter melhor op\u00e7\u00e3o de nossos produtos de seguro e servi\u00e7os.[\/vc_column_text][vc_empty_space alter_height=&#8221;huge&#8221; hide_on_mobile=&#8221;&#8221; css=&#8221;.vc_custom_1492071591543{margin-top: 1.85rem !important;}&#8221;][\/vc_column][\/vc_row][vc_row full_width=&#8221;stretch_row&#8221; css=&#8221;.vc_custom_1656691533180{padding-top: 64px !important;padding-bottom: 64px !important;background-image: url(https:\/\/4everinsurance.com\/wp-content\/uploads\/2022\/07\/foto-mision.png?id=2170) !important;background-position: center !important;background-repeat: no-repeat !important;background-size: cover !important;}&#8221;][vc_column][vc_column_text]<\/p>\n<h3 style=\"text-align: center;\"><strong><span style=\"color: #ffffff;\">Nossa miss\u00e3o \u00e9 sempre fornecer um servi\u00e7o com toque humano, acompanhando aos nossos assessores e segurados em todas a etapas da ap\u00f3lice, desde o in\u00edcio at\u00e9 o fim.<\/span><\/strong><\/h3>\n<p style=\"text-align: center;\"><span style=\"color: #000000;\">CADA DIA ALGU\u00c9M, EM ALGUMA PARTE DO MUNDO, PRECISA DA NOSSA AJUDA, PARA NOSSOS CLIENTES, ESSES PODEM SE TORNAR OS MOMENTOS MAIS DIF\u00cdCEIS E DE VULNERABILIDADE DE SUAS VIDAS, E MUITAS VEZES O INESPERADO ACONTECE QUANDO EST\u00c3O LONGE DE CASA.<\/span><\/p>\n<p>[\/vc_column_text][\/vc_column][\/vc_row][vc_row css=&#8221;.vc_custom_1656692991316{margin-top: 32px !important;margin-bottom: 128px !important;}&#8221;][vc_column]<div id=\"sc_title_1621203989\"\n\t\tclass=\"sc_title sc_title_default title-blue\"><h6 class=\"sc_item_subtitle sc_title_subtitle sc_align_left sc_item_title_style_default\">GARANTINDO<\/h6><h3 class=\"sc_item_title sc_title_title sc_align_left sc_item_title_style_default\"><i> E EXCEL\u00caNCIA<\/i><\/h3><\/div><!-- \/.sc_title -->[vc_column_text]Nossa promessa \u00e9 oferecer aos nossos clientes a seguridade de ter a melhor cobertura e servi\u00e7o, em seu pa\u00eds de resid\u00eancia ou qualquer parte do mundo. Somos uma companhia global que prov\u00ea a confian\u00e7a de ter acesso imediato, em qualquer momento, qualquer hospital ou provedor de servi\u00e7os m\u00e9dicos. Nossos servi\u00e7os incluem um protocolo que inicia desde o processo de admiss\u00e3o eficiente e customizado, at\u00e9 acomoda\u00e7\u00e3o de su\u00edte e muitas alternativas como refei\u00e7\u00f5es especiais, emiss\u00e3o de faturas desde o conforto de seu quarto, acesso a internet gr\u00e1tis, e uma aten\u00e7\u00e3o de acordo as suas necessidades no momento que voc\u00ea mas o precisa.[\/vc_column_text][vc_single_image image=&#8221;2187&#8243; img_size=&#8221;full&#8221; alignment=&#8221;center&#8221; css=&#8221;.vc_custom_1656693208790{margin-top: 64px !important;margin-bottom: 32px !important;}&#8221; el_class=&#8221;nosotros-icon&#8221;][vc_column_text]<\/p>\n<p style=\"text-align: center;\"><span style=\"color: #3d7cc9;\">GARANTIMOS AOS NOSSOS CLIENTES OS MAIS COMPLETOS E COMPETITIVOS PLANOS DE SA\u00daDE, COM SERVI\u00c7O E QUALIDADE E ACESSO A MELHOR ATEN\u00c7\u00c3O M\u00c9DICA, EM TODOS OS MOMENTOS E EM QUALQUER LUGAR DO MUNDO.<\/span><\/p>\n<p>[\/vc_column_text][vc_single_image image=&#8221;2194&#8243; img_size=&#8221;full&#8221; alignment=&#8221;center&#8221; css=&#8221;.vc_custom_1656693214328{margin-top: 64px !important;margin-bottom: 32px !important;}&#8221; el_class=&#8221;nosotros-icon&#8221;][vc_column_text]<\/p>\n<p style=\"text-align: center;\"><span style=\"color: #3d7cc9;\">A EXCEL\u00caNCIA DE NOSSO SERVI\u00c7O \u00c9 BASEADA EM NOSSO GRANDE CONHECIMENTO M\u00c9DICO E NOSSA PER\u00cdCIA PARA AJUDAR-LHE A ATRAVESSAR O COMPLEXO MUNDO DA MEDICINA, NOSSA EQUIPE DE PROFISSIONAIS EM MEDICINA MUITO QUALIFICADOS, QUE POSSUEM MAIS DE 30 ANOS DE EXPERENCIA NA ADMINISTRA\u00c7\u00c3O E DOM\u00cdNIO DE SEGUROS DE SA\u00daDE.\u00a0\u00a0<\/span><\/p>\n<p>[\/vc_column_text][vc_single_image image=&#8221;2197&#8243; img_size=&#8221;full&#8221; alignment=&#8221;center&#8221; css=&#8221;.vc_custom_1656693290199{margin-top: 64px !important;margin-bottom: 32px !important;}&#8221; el_class=&#8221;nosotros-icon&#8221;]<div id=\"sc_title_1231725342\"\n\t\tclass=\"sc_title sc_title_default title-blue\"><h6 class=\"sc_item_subtitle sc_title_subtitle sc_align_center sc_item_title_style_default\">FORNECEMOS NOSSA ASSIST\u00caNCIA AS 24 HORAS<\/h6><h3 class=\"sc_item_title sc_title_title sc_align_center sc_item_title_style_default\"><i>OS 365 DIAS DO ANO <\/i><\/h3><div class=\"sc_item_descr sc_title_descr sc_align_center\"><p>Somos uma empresa global e lhe oferecemos, a confian\u00e7a que vem com acesso imediato, em qualquer momento a qualquer hospital ou provedor de servi\u00e7os m\u00e9dicos.<\/p>\n<\/div><\/div><!-- \/.sc_title -->[\/vc_column][\/vc_row]<\/p>\n<\/div>","protected":false},"excerpt":{"rendered":"<p>[vc_row full_width=&#8221;stretch_row&#8221; equal_height=&#8221;yes&#8221; content_placement=&#8221;middle&#8221; css=&#8221;.vc_custom_1655157368320{background-color: #ffffff !important;}&#8221;][vc_column css=&#8221;.vc_custom_1492071475124{padding-right: 30px !important;padding-left: 30px !important;}&#8221;][vc_row_inner equal_height=&#8221;yes&#8221; content_placement=&#8221;middle&#8221; css=&#8221;.vc_custom_1656690638111{margin-top: 32px !important;margin-bottom: 32px !important;}&#8221;][vc_column_inner width=&#8221;1\/6&#8243;][vc_single_image image=&#8221;3762&#8243; img_size=&#8221;full&#8221; css=&#8221;.vc_custom_1662392853402{margin-bottom: 32px !important;}&#8221; el_class=&#8221;experience30&#8243; el_id=&#8221;nosotros_img&#8221;][\/vc_column_inner][vc_column_inner width=&#8221;2\/3&#8243;][\/vc_column_inner][vc_column_inner width=&#8221;1\/6&#8243;][vc_single_image source=&#8221;external_link&#8221; alignment=&#8221;center&#8221; onclick=&#8221;custom_link&#8221; img_link_target=&#8221;_blank&#8221; css=&#8221;.vc_custom_1740595857134{margin-bottom: 10px !important;border-top-width: 1px !important;border-right-width: 1px !important;border-bottom-width: 1px !important;border-left-width: 1px !important;border-left-style: solid !important;border-right-style: solid !important;border-top-style: solid !important;border-bottom-style: solid !important;border-color: #B0A9A9 !important;}&#8221; custom_src=&#8221;https:\/\/4everinsurance.com\/wp-content\/uploads\/2025\/02\/EVER-Perfil-Corporativo-2025_por-e1740595335752.jpg&#8221; link=&#8221;https:\/\/online.flippingbook.com\/view\/297052517\/&#8221;][vc_column_text css=&#8221;&#8221;] PERFIL CORPORATIVO PORTUGU\u00c9S&hellip;<\/p>\n","protected":false},"author":1,"featured_media":5495,"parent":0,"menu_order":0,"comment_status":"closed","ping_status":"closed","template":"","meta":{"footnotes":""},"class_list":["post-1421","page","type-page","status-publish","has-post-thumbnail","hentry"],"_links":{"self":[{"href":"https:\/\/4everinsurance.com\/pt-br\/wp-json\/wp\/v2\/pages\/1421","targetHints":{"allow":["GET"]}}],"collection":[{"href":"https:\/\/4everinsurance.com\/pt-br\/wp-json\/wp\/v2\/pages"}],"about":[{"href":"https:\/\/4everinsurance.com\/pt-br\/wp-json\/wp\/v2\/types\/page"}],"author":[{"embeddable":true,"href":"https:\/\/4everinsurance.com\/pt-br\/wp-json\/wp\/v2\/users\/1"}],"replies":[{"embeddable":true,"href":"https:\/\/4everinsurance.com\/pt-br\/wp-json\/wp\/v2\/comments?post=1421"}],"version-history":[{"count":9,"href":"https:\/\/4everinsurance.com\/pt-br\/wp-json\/wp\/v2\/pages\/1421\/revisions"}],"predecessor-version":[{"id":6539,"href":"https:\/\/4everinsurance.com\/pt-br\/wp-json\/wp\/v2\/pages\/1421\/revisions\/6539"}],"wp:featuredmedia":[{"embeddable":true,"href":"https:\/\/4everinsurance.com\/pt-br\/wp-json\/wp\/v2\/media\/5495"}],"wp:attachment":[{"href":"https:\/\/4everinsurance.com\/pt-br\/wp-json\/wp\/v2\/media?parent=1421"}],"curies":[{"name":"wp","href":"https:\/\/api.w.org\/{rel}","templated":true}]}}